{"id":156,"date":"2020-12-18T19:24:23","date_gmt":"2020-12-18T18:24:23","guid":{"rendered":"https:\/\/runwebstudio.com\/?page_id=156"},"modified":"2020-12-18T20:17:50","modified_gmt":"2020-12-18T19:17:50","slug":"realisations","status":"publish","type":"page","link":"https:\/\/runwebstudio.com\/?page_id=156","title":{"rendered":"R\u00e9alisations"},"content":{"rendered":"\n<p>Quelques exemples de nos r\u00e9alisations, boutique en ligne, menuiserie, BTP, application mobile, site vitrine &#8230; <\/p>\n\n\n<div class=\"foogallery foogallery-container foogallery-default foogallery-lightbox-foobox fg-gutter-25 fg-center fg-default fg-light fg-border-medium fg-round-medium fg-shadow-medium fg-loading-bars fg-loaded-fade-in fg-hover-zoomed fg-caption-always fg-hover-fade fg-hover-eye fg-ready\" id=\"foogallery-gallery-162\" data-foogallery=\"{&quot;item&quot;:{&quot;showCaptionTitle&quot;:true,&quot;showCaptionDescription&quot;:true},&quot;lazy&quot;:true,&quot;src&quot;:&quot;data-src-fg&quot;,&quot;srcset&quot;:&quot;data-srcset-fg&quot;,&quot;paging&quot;:{&quot;type&quot;:&quot;dots&quot;,&quot;theme&quot;:&quot;fg-light&quot;,&quot;size&quot;:20,&quot;position&quot;:&quot;bottom&quot;,&quot;scrollToTop&quot;:false}}\" data-fg-common-fields=\"1\" >\r\n\t<div class=\"fg-item\"><figure class=\"fg-item-inner\"><a href=\"https:\/\/runwebstudio.com\/wp-content\/uploads\/2020\/12\/barfyz.png\" data-caption-title=\"barfyz.re\" data-caption-desc=\"barfyz.re commercialise des produits issue du Barf\" data-attachment-id=\"163\" class=\"fg-thumb\"><span class=\"fg-image-wrap\"><img title=\"barfyz.re\" width=\"400\" height=\"300\" data-src-fg=\"https:\/\/runwebstudio.com\/wp-content\/uploads\/2020\/12\/barfyz.png\" class=\"fg-image\" \/><\/span><\/a><figcaption class=\"fg-caption\"><div class=\"fg-caption-inner\"><div class=\"fg-caption-title\">barfyz.re<\/div><div class=\"fg-caption-desc\">barfyz.re commercialise des produits issue du Barf<\/div><\/div><\/figcaption><\/figure><div class=\"fg-loader\"><\/div><\/div><div class=\"fg-item\"><figure class=\"fg-item-inner\"><a href=\"https:\/\/runwebstudio.com\/wp-content\/uploads\/2020\/12\/maquette_1300.jpg\" data-caption-title=\"Walking on the wood\" data-caption-desc=\"Walking on the wood, artisan menuisier\" data-attachment-id=\"167\" class=\"fg-thumb\"><span class=\"fg-image-wrap\"><img title=\"Walking on the wood\" width=\"400\" height=\"300\" data-src-fg=\"https:\/\/runwebstudio.com\/wp-content\/uploads\/2020\/12\/maquette_1300.jpg\" class=\"fg-image\" \/><\/span><\/a><figcaption class=\"fg-caption\"><div class=\"fg-caption-inner\"><div class=\"fg-caption-title\">Walking on the wood<\/div><div class=\"fg-caption-desc\">Walking on the wood, artisan menuisier<\/div><\/div><\/figcaption><\/figure><div class=\"fg-loader\"><\/div><\/div><div class=\"fg-item\"><figure class=\"fg-item-inner\"><a href=\"https:\/\/runwebstudio.com\/wp-content\/uploads\/2021\/11\/soleil-scaled-1.jpg\" data-caption-title=\"&lt;a href=&quot;https:\/\/www.aivs-soleil.re&quot; target=&quot;blank&quot; rel=&quot;noopener&quot;&gt;aivs-soleil.re&lt;\/a&gt;\" data-caption-desc=\"AIVS - L&#039;agence Soleil\nAgence immobili\u00e8re \u00e0 vocation sociale de la R\u00e9union\" data-attachment-id=\"175\" class=\"fg-thumb\"><span class=\"fg-image-wrap\"><img title=\"&lt;a href=&quot;https:\/\/www.aivs-soleil.re&quot; target=&quot;blank&quot; rel=&quot;noopener&quot;&gt;aivs-soleil.re&lt;\/a&gt;\" width=\"400\" height=\"300\" data-src-fg=\"https:\/\/runwebstudio.com\/wp-content\/uploads\/2021\/11\/soleil-scaled-1.jpg\" class=\"fg-image\" \/><\/span><\/a><figcaption class=\"fg-caption\"><div class=\"fg-caption-inner\"><div class=\"fg-caption-title\"><a href=\"https:\/\/www.aivs-soleil.re\" target=\"blank\" rel=\"noopener\">aivs-soleil.re<\/a><\/div><div class=\"fg-caption-desc\">AIVS &#8211; L&rsquo;agence Soleil\nAgence immobili\u00e8re \u00e0 vocation sociale de la R\u00e9union<\/div><\/div><\/figcaption><\/figure><div class=\"fg-loader\"><\/div><\/div><div class=\"fg-item\"><figure class=\"fg-item-inner\"><a href=\"https:\/\/runwebstudio.com\/wp-content\/uploads\/2020\/12\/rp-deco.png\" data-caption-title=\"&lt;a href=&quot;rp-deco.com&quot; target=&quot;blank&quot; rel=&quot;noopener&quot;&gt;rp-deco.com&lt;\/a&gt;\" data-caption-desc=\"Magasin de d\u00e9coration \u00e0 la R\u00e9union (fabrication 100% locale )\nCl\u00f4tures, claustra, d\u00e9co jardin, barri\u00e8re piscine, am\u00e9nagement ext\u00e9rieur\" data-attachment-id=\"179\" class=\"fg-thumb\"><span class=\"fg-image-wrap\"><img title=\"&lt;a href=&quot;rp-deco.com&quot; target=&quot;blank&quot; rel=&quot;noopener&quot;&gt;rp-deco.com&lt;\/a&gt;\" width=\"400\" height=\"300\" data-src-fg=\"https:\/\/runwebstudio.com\/wp-content\/uploads\/2020\/12\/rp-deco.png\" class=\"fg-image\" \/><\/span><\/a><figcaption class=\"fg-caption\"><div class=\"fg-caption-inner\"><div class=\"fg-caption-title\"><a href=\"rp-deco.com\" target=\"blank\" rel=\"noopener\">rp-deco.com<\/a><\/div><div class=\"fg-caption-desc\">Magasin de d\u00e9coration \u00e0 la R\u00e9union (fabrication 100% locale )\nCl\u00f4tures, claustra, d\u00e9co jardin, barri\u00e8re piscine, am\u00e9nagement ext\u00e9rieur<\/div><\/div><\/figcaption><\/figure><div class=\"fg-loader\"><\/div><\/div><\/div>\r\n","protected":false},"excerpt":{"rendered":"<p>Quelques exemples de nos r\u00e9alisations, boutique en ligne, menuiserie, BTP, application mobile, site vitrine &#8230;<\/p>\n","protected":false},"author":1,"featured_media":0,"parent":0,"menu_order":0,"comment_status":"closed","ping_status":"closed","template":"templates\/template-full.php","meta":[],"_links":{"self":[{"href":"https:\/\/runwebstudio.com\/index.php?rest_route=\/wp\/v2\/pages\/156"}],"collection":[{"href":"https:\/\/runwebstudio.com\/index.php?rest_route=\/wp\/v2\/pages"}],"about":[{"href":"https:\/\/runwebstudio.com\/index.php?rest_route=\/wp\/v2\/types\/page"}],"author":[{"embeddable":true,"href":"https:\/\/runwebstudio.com\/index.php?rest_route=\/wp\/v2\/users\/1"}],"replies":[{"embeddable":true,"href":"https:\/\/runwebstudio.com\/index.php?rest_route=%2Fwp%2Fv2%2Fcomments&post=156"}],"version-history":[{"count":5,"href":"https:\/\/runwebstudio.com\/index.php?rest_route=\/wp\/v2\/pages\/156\/revisions"}],"predecessor-version":[{"id":172,"href":"https:\/\/runwebstudio.com\/index.php?rest_route=\/wp\/v2\/pages\/156\/revisions\/172"}],"wp:attachment":[{"href":"https:\/\/runwebstudio.com\/index.php?rest_route=%2Fwp%2Fv2%2Fmedia&parent=156"}],"curies":[{"name":"wp","href":"https:\/\/api.w.org\/{rel}","templated":true}]}}