{"id":32,"date":"2020-12-17T11:33:06","date_gmt":"2020-12-17T10:33:06","guid":{"rendered":"http:\/\/runwebstudio.com\/?page_id=32"},"modified":"2021-11-03T20:16:49","modified_gmt":"2021-11-03T19:16:49","slug":"accueil","status":"publish","type":"page","link":"https:\/\/runwebstudio.com\/","title":{"rendered":""},"content":{"rendered":"<div id=\"pl-gb32-69fc79eb790ed\"  class=\"panel-layout\" ><div id=\"pg-gb32-69fc79eb790ed-0\"  class=\"panel-grid panel-no-style\" ><div id=\"pgc-gb32-69fc79eb790ed-0-0\"  class=\"panel-grid-cell\" ><div id=\"panel-gb32-69fc79eb790ed-0-0-0\" class=\"so-panel widget widget_headline-widget panel-first-child\" data-index=\"0\" >\t\t<h1>Bienvenue chez RunWebStudio<\/h1>\n\t\t<div class=\"decoration\"><div class=\"decoration-inside\"><\/div><\/div>\n\t\t<h3>RWS est une agence web bas\u00e9e a l&rsquo;\u00eele de la R\u00e9union. Nous r\u00e9alisons tout vos projets digitaux (site web, e-commerce, applications m\u00e9tiers, application mobile, etc ). <br>Notre \u00e9quipe est compos\u00e9e d&rsquo;ing\u00e9nieurs de plus 10 ans d&rsquo;exp\u00e9rience, qui ont en commun la passion de ce m\u00e9tier. <br>Toujours \u00e0 la recherche de nouvelles id\u00e9es, de nouvelles technologies pour vous emmener plus loin dans vos projets. <\/h3>\n\t\t<\/div><div id=\"panel-gb32-69fc79eb790ed-0-0-1\" class=\"so-panel widget widget_sow-button panel-last-child\" data-index=\"1\" ><div class=\"so-widget-sow-button so-widget-sow-button-atom-fedca5cdac22\"><div class=\"ow-button-base ow-button-align-center\">\n\t<a href=\"https:\/\/runwebstudio.com\/\" class=\"ow-icon-placement-left ow-button-hover\" \t\t>\n\t\t<span>\n\t\t\t<span class=\"sow-icon-fontawesome sow-far\" data-sow-icon=\"&#xf2b5;\"\n\t\tstyle=\"color: #ffffff\" ><\/span>\n\t\t\tNos devis sont gratuits !\t\t<\/span>\n\t<\/a>\n<\/div>\n<\/div><\/div><\/div><\/div><div id=\"pg-gb32-69fc79eb790ed-1\"  class=\"panel-grid panel-no-style\" ><div id=\"pgc-gb32-69fc79eb790ed-1-0\"  class=\"panel-grid-cell panel-grid-cell-empty\" ><\/div><\/div><\/div>\n\n\n<div class=\"wp-block-nextend-smartslider3\"><\/div>\n\n\n\n<div class=\"wp-block-columns\">\n<div class=\"wp-block-column\" style=\"flex-basis:100%\"><div id=\"pl-gb32-69fc79eb7bbbf\"  class=\"panel-layout\" ><div id=\"pg-gb32-69fc79eb7bbbf-0\"  class=\"panel-grid panel-no-style\" ><div id=\"pgc-gb32-69fc79eb7bbbf-0-0\"  class=\"panel-grid-cell\" ><div id=\"panel-gb32-69fc79eb7bbbf-0-0-0\" class=\"so-panel widget widget_headline-widget panel-first-child panel-last-child\" data-index=\"0\" >\t\t<h1>Que faisons nous ?<\/h1>\n\t\t<div class=\"decoration\"><div class=\"decoration-inside\"><\/div><\/div>\n\t\t<h3>Nous r\u00e9alisons tout vos projets en ad\u00e9quation avec votre budget et vos contraintes. N&rsquo;h\u00e9sitez pas a nous contacter, nos devis sont gratuits, et ils incluent une maquette de votre futur projet.<\/h3>\n\t\t<\/div><\/div><\/div><div id=\"pg-gb32-69fc79eb7bbbf-1\"  class=\"panel-grid panel-no-style\" ><div id=\"pgc-gb32-69fc79eb7bbbf-1-0\"  class=\"panel-grid-cell panel-grid-cell-empty\" ><\/div><\/div><\/div><\/div>\n<\/div>\n\n\n<div class=\"foogallery foogallery-container foogallery-simple_portfolio foogallery-lightbox-none fg-simple_portfolio fg-dark fg-border-thin fg-shadow-outline fg-loading-default fg-loaded-fade-in fg-hover-zoomed fg-caption-always fg-hover-fade fg-ready fg-caption-always\" id=\"foogallery-gallery-109\" data-foogallery=\"{&quot;item&quot;:{&quot;showCaptionTitle&quot;:true,&quot;showCaptionDescription&quot;:true,&quot;maxCaptionLength&quot;:0,&quot;maxDescriptionLength&quot;:0},&quot;lazy&quot;:true,&quot;src&quot;:&quot;data-src-fg&quot;,&quot;srcset&quot;:&quot;data-srcset-fg&quot;,&quot;template&quot;:{&quot;gutter&quot;:40,&quot;columnWidth&quot;:250,&quot;align&quot;:&quot;center&quot;}}\" data-fg-common-fields=\"1\" >\r\n\t<div class=\"fg-item\"><figure class=\"fg-item-inner\"><a data-caption-title=\"Applications m\u00e9tier, intranet\" data-caption-desc=\"Gestion de stock, de cartes de fid\u00e9lit\u00e9s, facturation, et bien plus ...\" data-attachment-id=\"105\" class=\"foogallery-thumb  fg-thumb\"><span class=\"fg-image-wrap\"><img title=\"Applications m\u00e9tier, intranet\" class=\"bf-img fg-image\" height=\"200\" width=\"250\" data-src-fg=\"https:\/\/runwebstudio.com\/wp-content\/uploads\/cache\/2020\/12\/client\/1250055351.jpg\" \/><\/span><\/a><figcaption class=\"fg-caption\"><div class=\"fg-caption-inner\"><div class=\"fg-caption-title\">Applications m\u00e9tier, intranet<\/div><div class=\"fg-caption-desc\">Gestion de stock, de cartes de fid\u00e9lit\u00e9s, facturation, et bien plus &#8230;<\/div><\/div><\/figcaption><\/figure><div class=\"fg-loader\"><\/div><\/div><div class=\"fg-item\"><figure class=\"fg-item-inner\"><a data-caption-title=\"Webservices\" data-caption-desc=\"Impl\u00e9mentation\/int\u00e9gration\" data-attachment-id=\"103\" class=\"foogallery-thumb  fg-thumb\"><span class=\"fg-image-wrap\"><img title=\"Webservices\" class=\"bf-img fg-image\" height=\"200\" width=\"250\" data-src-fg=\"https:\/\/runwebstudio.com\/wp-content\/uploads\/cache\/2020\/12\/ws\/785793386.jpg\" \/><\/span><\/a><figcaption class=\"fg-caption\"><div class=\"fg-caption-inner\"><div class=\"fg-caption-title\">Webservices<\/div><div class=\"fg-caption-desc\">Impl\u00e9mentation\/int\u00e9gration<\/div><\/div><\/figcaption><\/figure><div class=\"fg-loader\"><\/div><\/div><div class=\"fg-item\"><figure class=\"fg-item-inner\"><a data-caption-title=\"E-commerce, boutique en ligne\" data-caption-desc=\"Boostez vos ventes avec une boutique en ligne\" data-attachment-id=\"101\" class=\"foogallery-thumb  fg-thumb\"><span class=\"fg-image-wrap\"><img title=\"E-commerce, boutique en ligne\" class=\"bf-img fg-image\" height=\"200\" width=\"250\" data-src-fg=\"https:\/\/runwebstudio.com\/wp-content\/uploads\/cache\/2020\/12\/ecommerce\/945759337.jpg\" \/><\/span><\/a><figcaption class=\"fg-caption\"><div class=\"fg-caption-inner\"><div class=\"fg-caption-title\">E-commerce, boutique en ligne<\/div><div class=\"fg-caption-desc\">Boostez vos ventes avec une boutique en ligne<\/div><\/div><\/figcaption><\/figure><div class=\"fg-loader\"><\/div><\/div><div class=\"fg-item\"><figure class=\"fg-item-inner\"><a data-caption-title=\"Cr\u00e9ation de site vitrine\" data-caption-desc=\"Renforcez votre pr\u00e9sence sur le web, aidez les clients a vous connaitre et a vous trouver\" data-attachment-id=\"99\" class=\"foogallery-thumb  fg-thumb\"><span class=\"fg-image-wrap\"><img title=\"Cr\u00e9ation de site vitrine\" class=\"bf-img fg-image\" height=\"200\" width=\"250\" data-src-fg=\"https:\/\/runwebstudio.com\/wp-content\/uploads\/cache\/2020\/12\/site\/1764933311.jpg\" \/><\/span><\/a><figcaption class=\"fg-caption\"><div class=\"fg-caption-inner\"><div class=\"fg-caption-title\">Cr\u00e9ation de site vitrine<\/div><div class=\"fg-caption-desc\">Renforcez votre pr\u00e9sence sur le web, aidez les clients a vous connaitre et a vous trouver<\/div><\/div><\/figcaption><\/figure><div class=\"fg-loader\"><\/div><\/div><div class=\"fg-item\"><figure class=\"fg-item-inner\"><a data-caption-title=\"Applications mobiles\" data-caption-desc=\"Votre application au plus pr\u00e8s des clients, sur leur smartphone\" data-attachment-id=\"111\" class=\"foogallery-thumb  fg-thumb\"><span class=\"fg-image-wrap\"><img title=\"Applications mobiles\" class=\"bf-img fg-image\" height=\"200\" width=\"250\" data-src-fg=\"https:\/\/runwebstudio.com\/wp-content\/uploads\/cache\/2020\/12\/appmob\/-945522700.jpg\" \/><\/span><\/a><figcaption class=\"fg-caption\"><div class=\"fg-caption-inner\"><div class=\"fg-caption-title\">Applications mobiles<\/div><div class=\"fg-caption-desc\">Votre application au plus pr\u00e8s des clients, sur leur smartphone<\/div><\/div><\/figcaption><\/figure><div class=\"fg-loader\"><\/div><\/div><\/div>\n\n\n<div style=\"height:87px\" aria-hidden=\"true\" class=\"wp-block-spacer\"><\/div>\n\n\n<div id=\"pl-gb32-69fc79eb7e313\"  class=\"panel-layout\" ><div id=\"pg-gb32-69fc79eb7e313-0\"  class=\"panel-grid panel-has-style\" ><div class=\"panel-row-style panel-row-style-for-gb32-69fc79eb7e313-0\" ><div id=\"pgc-gb32-69fc79eb7e313-0-0\"  class=\"panel-grid-cell\" ><div id=\"panel-gb32-69fc79eb7e313-0-0-0\" class=\"so-panel widget widget_circleicon-widget panel-first-child panel-last-child\" data-index=\"0\" >\t\t<div class=\"circle-icon-box circle-icon-position-top circle-icon-hide-box circle-icon-size-small \">\n\t\t\t\t\t\t\t<div class=\"circle-icon-wrapper\">\n\t\t\t\t\t\t\t\t\t\t<div class=\"circle-icon\" >\n\t\t\t\t\t\t\t\t\t\t\t\t\t<div class=\"fa fa-eye\" ><\/div>\n\t\t\t\t\t\t\t\t\t\t\t<\/div> \n\t\t\t\t\t\t\t\t\t<\/div>\n\t\t\t\n\t\t\t\t\t\t\t\t\t\t<h4 >\n\t\t\t\t\tVous avez dit \u00ab\u00a0responsive\u00a0\u00bb ?\t\t\t\t<\/h4>\n\t\t\t\t\t\t\n\t\t\t\t\t\t\t<p class=\"text\" >Oui ! Votre site web est unique et visible par tous , sur tout les supports (tablettes, smartphones, PC &#8230; )<\/p>\n\t\t\t\t\t\t\t\t<\/div>\n\t\t<\/div><\/div><div id=\"pgc-gb32-69fc79eb7e313-0-1\"  class=\"panel-grid-cell\" ><div id=\"panel-gb32-69fc79eb7e313-0-1-0\" class=\"so-panel widget widget_circleicon-widget panel-first-child panel-last-child\" data-index=\"1\" >\t\t<div class=\"circle-icon-box circle-icon-position-top circle-icon-hide-box circle-icon-size-small \">\n\t\t\t\t\t\t\t<div class=\"circle-icon-wrapper\">\n\t\t\t\t\t\t\t\t\t\t<div class=\"circle-icon\" >\n\t\t\t\t\t\t\t\t\t\t\t\t\t<div class=\"fa fa-laptop\" ><\/div>\n\t\t\t\t\t\t\t\t\t\t\t<\/div> \n\t\t\t\t\t\t\t\t\t<\/div>\n\t\t\t\n\t\t\t\t\t\t\t\t\t\t<h4 >\n\t\t\t\t\tDes professionnels a votre \u00e9coute\t\t\t\t<\/h4>\n\t\t\t\t\t\t\n\t\t\t\t\t\t\t<p class=\"text\" >Une \u00e9quipe de d&rsquo;experts, de passionn\u00e9s vous \u00e9coute et vous conseille. Les derni\u00e8res technologies propulsent votre projet sur le web !<\/p>\n\t\t\t\t\t\t\t\t<\/div>\n\t\t<\/div><\/div><div id=\"pgc-gb32-69fc79eb7e313-0-2\"  class=\"panel-grid-cell\" ><div id=\"panel-gb32-69fc79eb7e313-0-2-0\" class=\"so-panel widget widget_circleicon-widget panel-first-child panel-last-child\" data-index=\"2\" >\t\t<div class=\"circle-icon-box circle-icon-position-top circle-icon-hide-box circle-icon-size-small \">\n\t\t\t\t\t\t\t<div class=\"circle-icon-wrapper\">\n\t\t\t\t\t\t\t\t\t\t<div class=\"circle-icon\" >\n\t\t\t\t\t\t\t\t\t\t\t\t\t<div class=\"fa fa-check-circle\" ><\/div>\n\t\t\t\t\t\t\t\t\t\t\t<\/div> \n\t\t\t\t\t\t\t\t\t<\/div>\n\t\t\t\n\t\t\t\t\t\t\t\t\t\t<h4 >\n\t\t\t\t\tEt demain ?\t\t\t\t<\/h4>\n\t\t\t\t\t\t\n\t\t\t\t\t\t\t<p class=\"text\" >Demain ? Votre projet est lanc\u00e9, nous serons toujours \u00e0 vos cot\u00e9s ! Maintenance, \u00e9volutions, mise a jour de s\u00e9curit\u00e9, nous seront toujours l\u00e0 pour vous accompagner.<\/p>\n\t\t\t\t\t\t\t\t<\/div>\n\t\t<\/div><\/div><\/div><\/div><div id=\"pg-gb32-69fc79eb7e313-1\"  class=\"panel-grid panel-no-style\" ><div id=\"pgc-gb32-69fc79eb7e313-1-0\"  class=\"panel-grid-cell\" ><div id=\"panel-gb32-69fc79eb7e313-1-0-0\" class=\"so-panel widget widget_media_video panel-first-child\" data-index=\"3\" ><div class=\"panel-widget-style panel-widget-style-for-gb32-69fc79eb7e313-1-0-0\" ><div style=\"width:100%;\" class=\"wp-video\"><!--[if lt IE 9]><script>document.createElement('video');<\/script><![endif]-->\n<video class=\"wp-video-shortcode\" id=\"video-32-1\" preload=\"metadata\" controls=\"controls\"><source type=\"video\/youtube\" src=\"https:\/\/youtu.be\/hlUEC3GpNeE?_=1\" \/><a href=\"https:\/\/youtu.be\/hlUEC3GpNeE\">https:\/\/youtu.be\/hlUEC3GpNeE<\/a><\/video><\/div><\/div><\/div><div id=\"panel-gb32-69fc79eb7e313-1-0-1\" class=\"so-panel widget widget_headline-widget panel-last-child\" data-index=\"4\" >\t\t<h1>Ils nous ont fait confiance<\/h1>\n\t\t<div class=\"decoration\"><div class=\"decoration-inside\"><\/div><\/div>\n\t\t<h3><\/h3>\n\t\t<\/div><\/div><\/div><\/div>\n\n\n<div class=\"strong-view strong-view-id-1 modern wpmtst-modern slider-container carousel slider-mode-horizontal slider-adaptive pager-type-full pager-style-buttons nav-position-outside\" data-count=4 data-slider-var=strong_slider_id_1 data-state=idle><div class=\"strong-content wpmslider-content\"><div class=\"wpmtst-testimonial testimonial t-slide post-150\"><div class=\"wpmtst-testimonial-inner testimonial-inner\"><div data-infinite-loop=\"true\"  class=\"wpmtst-testimonial-content  testimonial-content\"><h3 class=\"wpmtst-testimonial-heading testimonial-heading\">S\u00e9bastien Bail<\/h3><p>L&rsquo;\u00e9quipe RWS a fait un super boulot sur mon site. Un grand merci !<\/p><\/div><div class=\"wpmtst-testimonial-image testimonial-image\"><img width=\"150\" height=\"150\" src=\"https:\/\/runwebstudio.com\/wp-content\/uploads\/2020\/12\/sebbail-150x150.png\" class=\"attachment-thumbnail size-thumbnail wp-post-image\" alt=\"\" loading=\"lazy\" srcset=\"https:\/\/runwebstudio.com\/wp-content\/uploads\/2020\/12\/sebbail-150x150.png 150w, https:\/\/runwebstudio.com\/wp-content\/uploads\/2020\/12\/sebbail-75x75.png 75w\" sizes=\"(max-width: 150px) 100vw, 150px\" \/><\/div><div class=\"wpmtst-testimonial-field testimonial-field testimonial-name\">S\u00e9bastien Bail<\/div><div class=\"wpmtst-testimonial-field testimonial-field testimonial-company\">Walking on the Wood - Artisan menuisier<\/div><div class=\"clear\"><\/div><\/div><\/div><div class=\"wpmtst-testimonial testimonial t-slide post-136\"><div class=\"wpmtst-testimonial-inner testimonial-inner\"><div data-infinite-loop=\"true\"  class=\"wpmtst-testimonial-content  testimonial-content\"><h3 class=\"wpmtst-testimonial-heading testimonial-heading\">Barfyz<\/h3><\/div><div class=\"wpmtst-testimonial-image testimonial-image\"><img width=\"150\" height=\"150\" src=\"https:\/\/runwebstudio.com\/wp-content\/uploads\/2020\/12\/icone-150x150.png\" class=\"attachment-thumbnail size-thumbnail wp-post-image\" alt=\"\" loading=\"lazy\" srcset=\"https:\/\/runwebstudio.com\/wp-content\/uploads\/2020\/12\/icone-150x150.png 150w, https:\/\/runwebstudio.com\/wp-content\/uploads\/2020\/12\/icone-300x300.png 300w, https:\/\/runwebstudio.com\/wp-content\/uploads\/2020\/12\/icone-75x75.png 75w, https:\/\/runwebstudio.com\/wp-content\/uploads\/2020\/12\/icone.png 512w\" sizes=\"(max-width: 150px) 100vw, 150px\" \/><\/div><div class=\"wpmtst-testimonial-field testimonial-field testimonial-name\">Corr\u00e9 Michael<\/div><div class=\"wpmtst-testimonial-field testimonial-field testimonial-company\"><a href=\"http:\/\/barfyz.re\" target=\"_blank\" rel=\"nofollow  \">Barfyz<\/a><\/div><div class=\"clear\"><\/div><\/div><\/div><div class=\"wpmtst-testimonial testimonial t-slide post-121\"><div class=\"wpmtst-testimonial-inner testimonial-inner\"><div data-infinite-loop=\"true\"  class=\"wpmtst-testimonial-content  testimonial-content\"><h3 class=\"wpmtst-testimonial-heading testimonial-heading\">AIVS Agence Soleil<\/h3><p>Nous sommes tr\u00e8s satisfaits de votre collaboration, de votre r\u00e9activit\u00e9 et de votre efficacit\u00e9. Vous avez su adapter \u00e0 nos demandes et comprendre notre r\u00e9f\u00e9rentiel. Bravo !<\/p><\/div><div class=\"wpmtst-testimonial-image testimonial-image\"><img width=\"70\" height=\"70\" src=\"https:\/\/runwebstudio.com\/wp-content\/uploads\/2020\/12\/pic06.jpg\" class=\"attachment-thumbnail size-thumbnail wp-post-image\" alt=\"\" loading=\"lazy\" \/><\/div><div class=\"wpmtst-testimonial-field testimonial-field testimonial-name\">Fabienne de Mascard <\/div><div class=\"wpmtst-testimonial-field testimonial-field testimonial-company\"><a href=\"http:\/\/www.aivs-soleil.re\/\" target=\"_blank\" rel=\"nofollow  \">AIVS Agence Soleil<\/a><\/div><div class=\"clear\"><\/div><\/div><\/div><div class=\"wpmtst-testimonial testimonial t-slide post-120\"><div class=\"wpmtst-testimonial-inner testimonial-inner\"><div data-infinite-loop=\"true\"  class=\"wpmtst-testimonial-content  testimonial-content\"><h3 class=\"wpmtst-testimonial-heading testimonial-heading\">Somabir<\/h3><p>Partenaires depuis des ann\u00e9es, pro et r\u00e9actifs, je recommande RunWebStudio.<\/p><\/div><div class=\"wpmtst-testimonial-image testimonial-image\"><img width=\"150\" height=\"150\" src=\"https:\/\/runwebstudio.com\/wp-content\/uploads\/2020\/12\/tmp-logo-resfacs-02-150x150.png\" class=\"attachment-thumbnail size-thumbnail wp-post-image\" alt=\"\" loading=\"lazy\" srcset=\"https:\/\/runwebstudio.com\/wp-content\/uploads\/2020\/12\/tmp-logo-resfacs-02-150x150.png 150w, https:\/\/runwebstudio.com\/wp-content\/uploads\/2020\/12\/tmp-logo-resfacs-02-75x75.png 75w\" sizes=\"(max-width: 150px) 100vw, 150px\" \/><\/div><div class=\"wpmtst-testimonial-field testimonial-field testimonial-name\">Thia-Kime S\u00e9bastien<\/div><div class=\"wpmtst-testimonial-field testimonial-field testimonial-company\"><a href=\"http:\/\/resfacs.re\" target=\"_blank\" rel=\"nofollow  \">Somabir<\/a><\/div><div class=\"clear\"><\/div><\/div><\/div><\/div><\/div>\n\n\n\n<p><\/p>\n","protected":false},"excerpt":{"rendered":"","protected":false},"author":1,"featured_media":0,"parent":0,"menu_order":0,"comment_status":"closed","ping_status":"closed","template":"","meta":[],"_links":{"self":[{"href":"https:\/\/runwebstudio.com\/index.php?rest_route=\/wp\/v2\/pages\/32"}],"collection":[{"href":"https:\/\/runwebstudio.com\/index.php?rest_route=\/wp\/v2\/pages"}],"about":[{"href":"https:\/\/runwebstudio.com\/index.php?rest_route=\/wp\/v2\/types\/page"}],"author":[{"embeddable":true,"href":"https:\/\/runwebstudio.com\/index.php?rest_route=\/wp\/v2\/users\/1"}],"replies":[{"embeddable":true,"href":"https:\/\/runwebstudio.com\/index.php?rest_route=%2Fwp%2Fv2%2Fcomments&post=32"}],"version-history":[{"count":58,"href":"https:\/\/runwebstudio.com\/index.php?rest_route=\/wp\/v2\/pages\/32\/revisions"}],"predecessor-version":[{"id":189,"href":"https:\/\/runwebstudio.com\/index.php?rest_route=\/wp\/v2\/pages\/32\/revisions\/189"}],"wp:attachment":[{"href":"https:\/\/runwebstudio.com\/index.php?rest_route=%2Fwp%2Fv2%2Fmedia&parent=32"}],"curies":[{"name":"wp","href":"https:\/\/api.w.org\/{rel}","templated":true}]}}